{"id":184,"date":"2024-04-08T07:18:38","date_gmt":"2024-04-08T07:18:38","guid":{"rendered":"https:\/\/www.imkerverein-wadern.de\/?page_id=184"},"modified":"2026-03-27T12:03:39","modified_gmt":"2026-03-27T12:03:39","slug":"imkerboerse","status":"publish","type":"page","link":"https:\/\/www.imkerverein-wadern.de\/?page_id=184","title":{"rendered":"Imkerb\u00f6rse"},"content":{"rendered":"\n<p>Mitglieder k\u00f6nnen hier V\u00f6lker (inklusive Ableger), Honig oder Imkermaterial in einer kleinen &#8222;Annonce&#8220; anbieten, oder auch anfragen.<\/p>\n\n\n\n<p>Wer hier etwas anbieten oder anfragen m\u00f6chte, kan sich per Email melden bei <a href=\"ton.van.osch@imkerverein-wadern.de\">ton.van.osch@imkerverein-wadern.de<\/a>   Bitte aber auch \u00c4nderungen oder gew\u00fcnschte L\u00f6schungen melden!<\/p>\n\n\n\n<h2 class=\"wp-block-heading\"><strong>Bienenv\u00f6lker<\/strong><\/h2>\n\n\n\n<ul class=\"wp-block-list\">\n<li><strong>Zuzanna Simon-Klary<\/strong> (Tel. 0157 56395434) bietet f\u00fcr das Fr\u00fchjahr 2026 Bienenv\u00f6lker zum Verkauf an.\n<ul class=\"wp-block-list\">\n<li>Beschreibung: auf 11 Waben DNM mit Gesundheitszeugnis f\u00fcr 140\u20ac pro Volk.<\/li>\n<\/ul>\n<\/li>\n<\/ul>\n\n\n\n<p><\/p>\n\n\n\n<ul class=\"wp-block-list\">\n<li><strong>Andreas Schuler<\/strong> bietet f\u00fcr das Fr\u00fchjahr 2026 5 Bienenv\u00f6lker zum Verkauf an.\n<ul class=\"wp-block-list\">\n<li>Beschreibung: auf je 10 R\u00e4hmchen DNM mit Gesundheitszeugnis f\u00fcr 140\u20ac (VB) pro Volk. K\u00f6niginnen von 2025 und gezeichnet. Auch einzelne V\u00f6lker m\u00f6glich.<\/li>\n<\/ul>\n<\/li>\n<\/ul>\n\n\n\n<p><\/p>\n\n\n\n<ul class=\"wp-block-list\">\n<li><strong>Helene K\u00f6gel <\/strong>(Tel. 06871 1303) bietet f\u00fcr 2026 drei Bienenv\u00f6lker zum Verkauf an.\n<ul class=\"wp-block-list\">\n<li>Beschreibung: zweizargig \u00fcberwintert in Segebergbeute, DNM 11 R\u00e4hmchen je Zarge mit Gesundheitszeugnis<\/li>\n\n\n\n<li>Komplett f\u00fcr 150\u20ac je Volk<\/li>\n\n\n\n<li>Grund: Aufgabe der aktiven Imkerei.<\/li>\n\n\n\n<li>Auch weiteres Zubeh\u00f6r zu verkaufen.<\/li>\n<\/ul>\n<\/li>\n<\/ul>\n\n\n\n<h2 class=\"wp-block-heading\"><strong>Honig<\/strong><\/h2>\n\n\n\n<p>(aktuell liegen keine Angebote vor)<\/p>\n\n\n\n<h2 class=\"wp-block-heading\"><strong>Imkermaterial<\/strong><\/h2>\n\n\n\n<p><strong>Zu verschenken:<\/strong> alte fast antike 3-Wabenschleuder<\/p>\n\n\n\n<p>Bei Interesse: melden bei Bernhard Maier<\/p>\n\n\n\n<p><img loading=\"lazy\" decoding=\"async\" width=\"150\" height=\"200\" class=\"wp-image-463\" style=\"width: 150px;\" src=\"https:\/\/www.imkerverein-wadern.de\/wp-content\/uploads\/2025\/07\/Honigschleuder1-2025.jpg\" alt=\"\" srcset=\"https:\/\/www.imkerverein-wadern.de\/wp-content\/uploads\/2025\/07\/Honigschleuder1-2025.jpg 1536w, https:\/\/www.imkerverein-wadern.de\/wp-content\/uploads\/2025\/07\/Honigschleuder1-2025-225x300.jpg 225w, https:\/\/www.imkerverein-wadern.de\/wp-content\/uploads\/2025\/07\/Honigschleuder1-2025-768x1024.jpg 768w, https:\/\/www.imkerverein-wadern.de\/wp-content\/uploads\/2025\/07\/Honigschleuder1-2025-1152x1536.jpg 1152w\" sizes=\"auto, (max-width: 150px) 100vw, 150px\" \/><img loading=\"lazy\" decoding=\"async\" width=\"150\" height=\"200\" class=\"wp-image-462\" style=\"width: 150px;\" src=\"https:\/\/www.imkerverein-wadern.de\/wp-content\/uploads\/2025\/07\/Honigschleuder2-2025.jpg\" alt=\"\" srcset=\"https:\/\/www.imkerverein-wadern.de\/wp-content\/uploads\/2025\/07\/Honigschleuder2-2025.jpg 1536w, https:\/\/www.imkerverein-wadern.de\/wp-content\/uploads\/2025\/07\/Honigschleuder2-2025-225x300.jpg 225w, https:\/\/www.imkerverein-wadern.de\/wp-content\/uploads\/2025\/07\/Honigschleuder2-2025-768x1024.jpg 768w, https:\/\/www.imkerverein-wadern.de\/wp-content\/uploads\/2025\/07\/Honigschleuder2-2025-1152x1536.jpg 1152w\" sizes=\"auto, (max-width: 150px) 100vw, 150px\" \/><\/p>\n\n\n\n<p><\/p>\n\n\n\n<p><strong>Zu verkaufen:<\/strong> <\/p>\n\n\n\n<p>(aktuell liegen keine Angebote vor)<\/p>\n\n\n\n<p><\/p>\n","protected":false},"excerpt":{"rendered":"<p>Mitglieder k\u00f6nnen hier V\u00f6lker (inklusive Ableger), Honig oder Imkermaterial in einer kleinen &#8222;Annonce&#8220; anbieten, oder auch anfragen. Wer hier etwas anbieten oder anfragen m\u00f6chte, kan sich per Email melden bei ton.van.osch@imkerverein-wadern.de Bitte aber auch \u00c4nderungen oder gew\u00fcnschte L\u00f6schungen melden! Bienenv\u00f6lker Honig (aktuell liegen keine Angebote vor) Imkermaterial Zu verschenken: alte fast antike 3-Wabenschleuder Bei Interesse: &hellip; <\/p>\n<p class=\"link-more\"><a href=\"https:\/\/www.imkerverein-wadern.de\/?page_id=184\" class=\"more-link\"><span class=\"screen-reader-text\">\u201eImkerb\u00f6rse\u201c <\/span>weiterlesen<\/a><\/p>\n","protected":false},"author":2,"featured_media":0,"parent":0,"menu_order":0,"comment_status":"closed","ping_status":"closed","template":"","meta":{"footnotes":""},"class_list":["post-184","page","type-page","status-publish","hentry"],"_links":{"self":[{"href":"https:\/\/www.imkerverein-wadern.de\/index.php?rest_route=\/wp\/v2\/pages\/184","targetHints":{"allow":["GET"]}}],"collection":[{"href":"https:\/\/www.imkerverein-wadern.de\/index.php?rest_route=\/wp\/v2\/pages"}],"about":[{"href":"https:\/\/www.imkerverein-wadern.de\/index.php?rest_route=\/wp\/v2\/types\/page"}],"author":[{"embeddable":true,"href":"https:\/\/www.imkerverein-wadern.de\/index.php?rest_route=\/wp\/v2\/users\/2"}],"replies":[{"embeddable":true,"href":"https:\/\/www.imkerverein-wadern.de\/index.php?rest_route=%2Fwp%2Fv2%2Fcomments&post=184"}],"version-history":[{"count":46,"href":"https:\/\/www.imkerverein-wadern.de\/index.php?rest_route=\/wp\/v2\/pages\/184\/revisions"}],"predecessor-version":[{"id":579,"href":"https:\/\/www.imkerverein-wadern.de\/index.php?rest_route=\/wp\/v2\/pages\/184\/revisions\/579"}],"wp:attachment":[{"href":"https:\/\/www.imkerverein-wadern.de\/index.php?rest_route=%2Fwp%2Fv2%2Fmedia&parent=184"}],"curies":[{"name":"wp","href":"https:\/\/api.w.org\/{rel}","templated":true}]}}