{"id":2,"date":"2016-05-10T03:48:21","date_gmt":"2016-05-10T03:48:21","guid":{"rendered":"http:\/\/neu.imkerverein-wadern.de\/?page_id=2"},"modified":"2026-04-19T07:13:24","modified_gmt":"2026-04-19T07:13:24","slug":"sample-page","status":"publish","type":"page","link":"https:\/\/www.imkerverein-wadern.de\/","title":{"rendered":"Startseite"},"content":{"rendered":"<div class=\"wp-block-image\">\n<figure class=\"alignleft size-full is-resized\"><img loading=\"lazy\" decoding=\"async\" width=\"480\" height=\"558\" src=\"https:\/\/neu.imkerverein-wadern.de\/wp-content\/uploads\/2023\/06\/logo.png\" alt=\"\" class=\"wp-image-72\" style=\"width:120px;height:140px\" srcset=\"https:\/\/www.imkerverein-wadern.de\/wp-content\/uploads\/2023\/06\/logo.png 480w, https:\/\/www.imkerverein-wadern.de\/wp-content\/uploads\/2023\/06\/logo-258x300.png 258w\" sizes=\"auto, (max-width: 480px) 100vw, 480px\" \/><\/figure>\n<\/div>\n\n\n<p><\/p>\n\n\n\n<p><\/p>\n\n\n\n<p class=\"has-medium-font-size\">Herzlich willkommen auf der Homepage des Imkervereins Wadern im sch\u00f6nen Hochwald.<\/p>\n\n\n\n<p><\/p>\n\n\n\n<p>_____________________________<\/p>\n\n\n\n<p>_____________________________<\/p>\n\n\n\n<p><\/p>\n\n\n\n<p><\/p>\n\n\n\n<p><\/p>\n\n\n\n<p class=\"has-text-align-center has-medium-font-size\"><strong><a href=\"https:\/\/www.imkerverein-wadern.de\/?page_id=36\" data-type=\"page\" data-id=\"36\">Aktuelles<\/a><\/strong><\/p>\n\n\n\n<p class=\"has-text-align-center\">Andere interessante Termine findet ihr auf der Seite &#8222;Aktuelles&#8220;.<\/p>\n\n\n\n<p>Und nicht vergessen: auf der &#8222;Imkerb\u00f6rse&#8220; gibt es regelm\u00e4\u00dfig Angebote und Nachfragen. <\/p>\n\n\n\n<p class=\"has-text-align-center\"><a href=\"https:\/\/www.imkerverein-wadern.de\/?page_id=36\" data-type=\"page\" data-id=\"36\">Unser n\u00e4chstes Imkertreffen ist am 7. Mai 2026. <\/a><\/p>\n\n\n\n<p class=\"has-text-align-center\"><\/p>\n\n\n\n<p><\/p>\n","protected":false},"excerpt":{"rendered":"<p>Herzlich willkommen auf der Homepage des Imkervereins Wadern im sch\u00f6nen Hochwald. _____________________________ _____________________________ Aktuelles Andere interessante Termine findet ihr auf der Seite &#8222;Aktuelles&#8220;. Und nicht vergessen: auf der &#8222;Imkerb\u00f6rse&#8220; gibt es regelm\u00e4\u00dfig Angebote und Nachfragen. Unser n\u00e4chstes Imkertreffen ist am 7. Mai 2026.<\/p>\n","protected":false},"author":1,"featured_media":0,"parent":0,"menu_order":0,"comment_status":"closed","ping_status":"open","template":"","meta":{"footnotes":""},"class_list":["post-2","page","type-page","status-publish","hentry"],"_links":{"self":[{"href":"https:\/\/www.imkerverein-wadern.de\/index.php?rest_route=\/wp\/v2\/pages\/2","targetHints":{"allow":["GET"]}}],"collection":[{"href":"https:\/\/www.imkerverein-wadern.de\/index.php?rest_route=\/wp\/v2\/pages"}],"about":[{"href":"https:\/\/www.imkerverein-wadern.de\/index.php?rest_route=\/wp\/v2\/types\/page"}],"author":[{"embeddable":true,"href":"https:\/\/www.imkerverein-wadern.de\/index.php?rest_route=\/wp\/v2\/users\/1"}],"replies":[{"embeddable":true,"href":"https:\/\/www.imkerverein-wadern.de\/index.php?rest_route=%2Fwp%2Fv2%2Fcomments&post=2"}],"version-history":[{"count":55,"href":"https:\/\/www.imkerverein-wadern.de\/index.php?rest_route=\/wp\/v2\/pages\/2\/revisions"}],"predecessor-version":[{"id":581,"href":"https:\/\/www.imkerverein-wadern.de\/index.php?rest_route=\/wp\/v2\/pages\/2\/revisions\/581"}],"wp:attachment":[{"href":"https:\/\/www.imkerverein-wadern.de\/index.php?rest_route=%2Fwp%2Fv2%2Fmedia&parent=2"}],"curies":[{"name":"wp","href":"https:\/\/api.w.org\/{rel}","templated":true}]}}