{"id":30,"date":"2023-03-20T13:12:22","date_gmt":"2023-03-20T13:12:22","guid":{"rendered":"https:\/\/neu.imkerverein-wadern.de\/?page_id=30"},"modified":"2024-03-10T12:42:33","modified_gmt":"2024-03-10T12:42:33","slug":"vereinsgeschichte","status":"publish","type":"page","link":"https:\/\/www.imkerverein-wadern.de\/?page_id=30","title":{"rendered":"Vereinsgeschichte"},"content":{"rendered":"\n<p>Der Imkerverein Wadern wurde am 02.04.1952 von Imkern aus Wadern und Wedern gegr\u00fcndet.<\/p>\n\n\n\n<p>Hier die Bescheinigung&nbsp;zwecks Versammlung&nbsp;der Gr\u00fcndung des Vereins:<\/p>\n\n\n\n<figure class=\"wp-block-image size-large\"><img loading=\"lazy\" decoding=\"async\" width=\"724\" height=\"1024\" src=\"https:\/\/www.imkerverein-wadern.de\/wp-content\/uploads\/2023\/06\/Antrag-auf-Versammlung-724x1024.jpg\" alt=\"\" class=\"wp-image-54\" srcset=\"https:\/\/www.imkerverein-wadern.de\/wp-content\/uploads\/2023\/06\/Antrag-auf-Versammlung-724x1024.jpg 724w, https:\/\/www.imkerverein-wadern.de\/wp-content\/uploads\/2023\/06\/Antrag-auf-Versammlung-212x300.jpg 212w, https:\/\/www.imkerverein-wadern.de\/wp-content\/uploads\/2023\/06\/Antrag-auf-Versammlung-768x1086.jpg 768w, https:\/\/www.imkerverein-wadern.de\/wp-content\/uploads\/2023\/06\/Antrag-auf-Versammlung-1087x1536.jpg 1087w, https:\/\/www.imkerverein-wadern.de\/wp-content\/uploads\/2023\/06\/Antrag-auf-Versammlung-1449x2048.jpg 1449w, https:\/\/www.imkerverein-wadern.de\/wp-content\/uploads\/2023\/06\/Antrag-auf-Versammlung.jpg 1654w\" sizes=\"auto, (max-width: 724px) 100vw, 724px\" \/><\/figure>\n\n\n\n<p><\/p>\n\n\n\n<p>Vor diesem Zusammenschluss&nbsp;haben die einzelnen Imker&nbsp;aus&nbsp;wirtschaftlichen Gesichtspunkten&nbsp;kooperiert.&nbsp;So wurde beispielsweise&nbsp;gemeinsam&nbsp;Winterfutter oder Medikamente gekauft.<\/p>\n\n\n\n<p>Diese wirtschaftlichen&nbsp;Aspekte waren dann wohl auch sp\u00e4ter die ausschlaggebenden&nbsp;Gr\u00fcnde, die einzelnen Imker&nbsp;unter einem Verein zusammenzuf\u00fchren.&nbsp;In den Folgejahren schlossen sich noch weitere Imker&nbsp;aus den&nbsp;umliegenden Stadtteilen an.<\/p>\n\n\n\n<p>Einige Mitglieder kommen heute&nbsp;sogar aus den angrenzenden Nachbargemeinden&nbsp;zu uns.<\/p>\n\n\n\n<p>Der Verein war lange Zeit in R\u00e4umlichkeiten in Noswendel beheimatet. Seit dem 01.05.2017 betreibt der Verein einen eigenen Lehrbienenstand in Buweiler \/ L\u00f6stertal, L\u00f6stertalstra\u00dfe 106,&nbsp;am ehemaligen Sportplatz.<\/p>\n\n\n\n<p>Die bisherigen Vereinsvorsitzenden:<\/p>\n\n\n\n<p>1952 &#8211; 1963 Kirsten, Johann<\/p>\n\n\n\n<p>1964 &#8211; 1978 Schwarz, Johann<\/p>\n\n\n\n<p>1979 &#8211; 1991 Schneider, Willi<\/p>\n\n\n\n<p>1992 &#8211; 1998 Thiery, Hans<\/p>\n\n\n\n<p>1999 &#8211; 2006 Kasper, Franz<\/p>\n\n\n\n<p>2007 &#8211;\u00a02016\u00a0Schwarz, Berthold<\/p>\n\n\n\n<p>2017 &#8211; 2019 Bayer, Joachim<\/p>\n\n\n\n<p>2020 &#8211;\u00a02023\u00a0Schillo, Thomas<\/p>\n\n\n\n<p>2024 &#8211;\u00a0 \u00a0 \u00a0 \u00a0 \u00a0van Osch, Ton<\/p>\n","protected":false},"excerpt":{"rendered":"<p>Der Imkerverein Wadern wurde am 02.04.1952 von Imkern aus Wadern und Wedern gegr\u00fcndet. Hier die Bescheinigung&nbsp;zwecks Versammlung&nbsp;der Gr\u00fcndung des Vereins: Vor diesem Zusammenschluss&nbsp;haben die einzelnen Imker&nbsp;aus&nbsp;wirtschaftlichen Gesichtspunkten&nbsp;kooperiert.&nbsp;So wurde beispielsweise&nbsp;gemeinsam&nbsp;Winterfutter oder Medikamente gekauft. Diese wirtschaftlichen&nbsp;Aspekte waren dann wohl auch sp\u00e4ter die ausschlaggebenden&nbsp;Gr\u00fcnde, die einzelnen Imker&nbsp;unter einem Verein zusammenzuf\u00fchren.&nbsp;In den Folgejahren schlossen sich noch weitere Imker&nbsp;aus den&nbsp;umliegenden &hellip; <\/p>\n<p class=\"link-more\"><a href=\"https:\/\/www.imkerverein-wadern.de\/?page_id=30\" class=\"more-link\"><span class=\"screen-reader-text\">\u201eVereinsgeschichte\u201c <\/span>weiterlesen<\/a><\/p>\n","protected":false},"author":1,"featured_media":0,"parent":0,"menu_order":0,"comment_status":"closed","ping_status":"closed","template":"","meta":{"footnotes":""},"class_list":["post-30","page","type-page","status-publish","hentry"],"_links":{"self":[{"href":"https:\/\/www.imkerverein-wadern.de\/index.php?rest_route=\/wp\/v2\/pages\/30","targetHints":{"allow":["GET"]}}],"collection":[{"href":"https:\/\/www.imkerverein-wadern.de\/index.php?rest_route=\/wp\/v2\/pages"}],"about":[{"href":"https:\/\/www.imkerverein-wadern.de\/index.php?rest_route=\/wp\/v2\/types\/page"}],"author":[{"embeddable":true,"href":"https:\/\/www.imkerverein-wadern.de\/index.php?rest_route=\/wp\/v2\/users\/1"}],"replies":[{"embeddable":true,"href":"https:\/\/www.imkerverein-wadern.de\/index.php?rest_route=%2Fwp%2Fv2%2Fcomments&post=30"}],"version-history":[{"count":7,"href":"https:\/\/www.imkerverein-wadern.de\/index.php?rest_route=\/wp\/v2\/pages\/30\/revisions"}],"predecessor-version":[{"id":137,"href":"https:\/\/www.imkerverein-wadern.de\/index.php?rest_route=\/wp\/v2\/pages\/30\/revisions\/137"}],"wp:attachment":[{"href":"https:\/\/www.imkerverein-wadern.de\/index.php?rest_route=%2Fwp%2Fv2%2Fmedia&parent=30"}],"curies":[{"name":"wp","href":"https:\/\/api.w.org\/{rel}","templated":true}]}}