{"id":46,"date":"2023-03-20T13:50:54","date_gmt":"2023-03-20T13:50:54","guid":{"rendered":"https:\/\/neu.imkerverein-wadern.de\/?page_id=46"},"modified":"2024-10-20T08:31:09","modified_gmt":"2024-10-20T08:31:09","slug":"monatliches-imkertreffen","status":"publish","type":"page","link":"https:\/\/www.imkerverein-wadern.de\/?page_id=46","title":{"rendered":"Monatliches Imkertreffen"},"content":{"rendered":"\n<p>Die Mitglieder des Vereins, treffen sich immer am 1. Donnerstag im Monat zum Erfahrungsaustausch, Besprechung der anstehenden, monatlichen T\u00e4tigkeiten an den Bienenv\u00f6lkern oder etwaigen Themenpunkten, im HVV-Vereinshaus, Am Wergk\u00e4ulchen, 66687 Wadern-Noswendel. Beginn ist um 19:00 Uhr.<\/p>\n\n\n\n<p>Nat\u00fcrlich gibt es hier auch immer die M\u00f6glichkeit Probleme anzusprechen, sich \u00fcber Neuigkeiten zu informieren oder Fragen zu er\u00f6rtern.<\/p>\n\n\n\n<p>G\u00e4ste sind jederzeit herzlich willkommen!<\/p>\n","protected":false},"excerpt":{"rendered":"<p>Die Mitglieder des Vereins, treffen sich immer am 1. Donnerstag im Monat zum Erfahrungsaustausch, Besprechung der anstehenden, monatlichen T\u00e4tigkeiten an den Bienenv\u00f6lkern oder etwaigen Themenpunkten, im HVV-Vereinshaus, Am Wergk\u00e4ulchen, 66687 Wadern-Noswendel. Beginn ist um 19:00 Uhr. Nat\u00fcrlich gibt es hier auch immer die M\u00f6glichkeit Probleme anzusprechen, sich \u00fcber Neuigkeiten zu informieren oder Fragen zu er\u00f6rtern. &hellip; <\/p>\n<p class=\"link-more\"><a href=\"https:\/\/www.imkerverein-wadern.de\/?page_id=46\" class=\"more-link\"><span class=\"screen-reader-text\">\u201eMonatliches Imkertreffen\u201c <\/span>weiterlesen<\/a><\/p>\n","protected":false},"author":1,"featured_media":0,"parent":0,"menu_order":0,"comment_status":"closed","ping_status":"closed","template":"","meta":{"footnotes":""},"class_list":["post-46","page","type-page","status-publish","hentry"],"_links":{"self":[{"href":"https:\/\/www.imkerverein-wadern.de\/index.php?rest_route=\/wp\/v2\/pages\/46","targetHints":{"allow":["GET"]}}],"collection":[{"href":"https:\/\/www.imkerverein-wadern.de\/index.php?rest_route=\/wp\/v2\/pages"}],"about":[{"href":"https:\/\/www.imkerverein-wadern.de\/index.php?rest_route=\/wp\/v2\/types\/page"}],"author":[{"embeddable":true,"href":"https:\/\/www.imkerverein-wadern.de\/index.php?rest_route=\/wp\/v2\/users\/1"}],"replies":[{"embeddable":true,"href":"https:\/\/www.imkerverein-wadern.de\/index.php?rest_route=%2Fwp%2Fv2%2Fcomments&post=46"}],"version-history":[{"count":3,"href":"https:\/\/www.imkerverein-wadern.de\/index.php?rest_route=\/wp\/v2\/pages\/46\/revisions"}],"predecessor-version":[{"id":345,"href":"https:\/\/www.imkerverein-wadern.de\/index.php?rest_route=\/wp\/v2\/pages\/46\/revisions\/345"}],"wp:attachment":[{"href":"https:\/\/www.imkerverein-wadern.de\/index.php?rest_route=%2Fwp%2Fv2%2Fmedia&parent=46"}],"curies":[{"name":"wp","href":"https:\/\/api.w.org\/{rel}","templated":true}]}}