{"id":50,"date":"2023-06-25T18:15:51","date_gmt":"2023-06-25T18:15:51","guid":{"rendered":"https:\/\/neu.imkerverein-wadern.de\/?page_id=50"},"modified":"2025-08-15T11:52:34","modified_gmt":"2025-08-15T11:52:34","slug":"dokumente-fuer-imker","status":"publish","type":"page","link":"https:\/\/www.imkerverein-wadern.de\/?page_id=50","title":{"rendered":"Dokumente f\u00fcr Mitglieder \/ Imker:innen"},"content":{"rendered":"\n<h2 class=\"wp-block-heading\">Dokumente f\u00fcr Vereinsmitglieder<\/h2>\n\n\n\n<p><a href=\"https:\/\/www.imkerverein-wadern.de\/wp-content\/uploads\/2025\/04\/Protokoll-Mitgliederversammlung_2025.pdf\" target=\"_blank\" rel=\"noreferrer noopener nofollow\">Protokoll der Mitgliederversammlung M\u00e4rz 2025<\/a><\/p>\n\n\n\n<p><a href=\"https:\/\/www.imkerverein-wadern.de\/wp-content\/uploads\/2024\/06\/Satzung-Imkerverein_Wadern_2024-Juni.pdf\" target=\"_blank\" rel=\"noreferrer noopener\">Satzung des Imkervereins Wadern (Juni 2024)<\/a><\/p>\n\n\n\n<p><a href=\"https:\/\/www.imkerverein-wadern.de\/wp-content\/uploads\/2024\/04\/Geschaeftsordnung-Imkerverein-Wadern_2024.pdf\" target=\"_blank\" rel=\"noreferrer noopener\">Gesch\u00e4ftsordnung des Imkervereins Wadern<\/a><\/p>\n\n\n\n<p><a href=\"https:\/\/www.imkerverein-wadern.de\/wp-content\/uploads\/2024\/04\/Mitgliederversammlung_2024-Protokoll2.pdf\" target=\"_blank\" rel=\"noreferrer noopener\">Protokoll der Mitgliederversammlung M\u00e4rz 2024<\/a><\/p>\n\n\n\n<p><a href=\"https:\/\/www.imkerverein-wadern.de\/wp-content\/uploads\/2024\/06\/Mitgliederversammlung-2024-06-02-Protokoll.pdf\" target=\"_blank\" rel=\"noreferrer noopener\">Protokoll der au\u00dferordentlichen Mitgliederversammlung Juni 2024<\/a><\/p>\n\n\n\n<h2 class=\"wp-block-heading\">Aus den Imkertreffen<\/h2>\n\n\n\n<ul class=\"wp-block-list\">\n<li><a href=\"https:\/\/www.imkerverein-wadern.de\/wp-content\/uploads\/2025\/08\/Imkertreffen-250807-Asiatische-Hornisse.pdf\">Imkertreffen 7. August 2025: Asiatische Hornisse<\/a><\/li>\n\n\n\n<li><a href=\"https:\/\/www.imkerverein-wadern.de\/wp-content\/uploads\/2025\/08\/Velutina_Maulkorb_Fertugungsanleitung.pdf\" target=\"_blank\" rel=\"noreferrer noopener nofollow\">Bauanleitung f\u00fcr einen &#8222;Maulkorb&#8220; zum Schutz der Beute gegen asiatische Hornisse<\/a>.   (Weitere Info zur Bauanleitung und Holzger\u00fcst als Hilfe f\u00fcr das Bauen bei Bernhard Maier)<\/li>\n\n\n\n<li><a href=\"https:\/\/www.imkerverein-wadern.de\/wp-content\/uploads\/2025\/02\/Imkertreffen-250206-Asiatische-Hornisse-N.pdf\" data-type=\"link\" data-id=\"https:\/\/www.imkerverein-wadern.de\/wp-content\/uploads\/2025\/02\/Imkertreffen-250206-Asiatische-Hornisse-N.pdf\" target=\"_blank\" rel=\"noreferrer noopener\">Imkertreffen 6. Februar 2025: praktische Bedeutung der asiatische Hornisse f\u00fcr Imker<\/a><\/li>\n\n\n\n<li><a href=\"https:\/\/www.imkerverein-wadern.de\/wp-content\/uploads\/2024\/08\/Imkertreffen-230706-Juli-Asiatische-Hornisse.pdf\" target=\"_blank\" rel=\"noreferrer noopener nofollow\">Imkertreffen 1. August 2024: Methoden der Varroa-Behandlung<\/a><\/li>\n\n\n\n<li><a href=\"https:\/\/www.imkerverein-wadern.de\/wp-content\/uploads\/2024\/07\/Imkertreffen-240704-Juli-Imker-Versicherung.pdf\" target=\"_blank\" rel=\"noreferrer noopener\">Imkertreffen 4. Juli 2024: Imker-Versicherung<\/a><\/li>\n\n\n\n<li><a href=\"https:\/\/www.imkerverein-wadern.de\/wp-content\/uploads\/2024\/07\/Imkertreffen-240704-Juli-Jakobskreuzkraut.pdf\" target=\"_blank\" rel=\"noreferrer noopener\">Imkertreffen 4. Juli 2024: Gefahren von Jakobskreuzkraut und andere Pflanzen f\u00fcr den Sommerhonig<\/a><\/li>\n\n\n\n<li><a href=\"https:\/\/www.imkerverein-wadern.de\/wp-content\/uploads\/2024\/07\/Imkertreffen-240606-Juni-Ablegerbildung.pdf\" target=\"_blank\" rel=\"noreferrer noopener\">Imkertreffen 6. Juni 2024: Ablegerbildung<\/a><\/li>\n\n\n\n<li><a href=\"https:\/\/www.imkerverein-wadern.de\/wp-content\/uploads\/2024\/07\/Imkertreffen-240502-Mai-Asiatische-Hornisse.pdf\" target=\"_blank\" rel=\"noreferrer noopener\">Imkertreffen 2. Mai 2024: Asiatische Hornisse<\/a><\/li>\n<\/ul>\n\n\n\n<h2 class=\"wp-block-heading\">N\u00fctzliche Informationen f\u00fcr Imker:innen:<\/h2>\n\n\n\n<p><a href=\"https:\/\/www.imkerverein-wadern.de\/wp-content\/uploads\/2023\/06\/Honigverordnung_30.06.2015.pdf\" data-type=\"attachment\" data-id=\"86\" target=\"_blank\" rel=\"noreferrer noopener\">Honigverordnung vom 30.06.2015<\/a><\/p>\n\n\n\n<p><a href=\"https:\/\/www.imkerverein-wadern.de\/wp-content\/uploads\/2023\/06\/Anzeige-einer-Bienenhaltung.doc\" data-type=\"attachment\" data-id=\"85\" target=\"_blank\" rel=\"noreferrer noopener\">Anzeige einer Bienenhaltung nach \u00a71a Bienenseuchen (Meldung an den Amtstierarzt, Beantragung einer HIT-Nr.)<\/a><\/p>\n\n\n\n<p><a href=\"https:\/\/www.imkerverein-wadern.de\/wp-content\/uploads\/2024\/10\/Imkerversicherung-LSI-Schulung-241001.pdf\" target=\"_blank\" rel=\"noreferrer noopener nofollow\">Weiterf\u00fchrende Information zur Imkerversicherung (1. Oktober 2024)<\/a><\/p>\n\n\n\n<h2 class=\"wp-block-heading\">Bienengesundheit:<\/h2>\n\n\n\n<p><a href=\"https:\/\/www.imkerverein-wadern.de\/wp-content\/uploads\/2023\/06\/Varroa-unter-Kontrolle.pdf\" data-type=\"attachment\" data-id=\"84\" target=\"_blank\" rel=\"noreferrer noopener\">Leitfaden &#8222;Varroa unter Kontrolle&#8220;<\/a><\/p>\n\n\n\n<p><a href=\"https:\/\/www.imkerverein-wadern.de\/wp-content\/uploads\/2023\/06\/Der-kleine-Beutenkaefer.pdf\" data-type=\"attachment\" data-id=\"83\" target=\"_blank\" rel=\"noreferrer noopener\">Leitfaden &#8222;Der kleine Beutek\u00e4fer&#8220;<\/a><\/p>\n\n\n\n<h2 class=\"wp-block-heading\">Verschiedenes:<\/h2>\n\n\n\n<p><a href=\"https:\/\/www.imkerverein-wadern.de\/wp-content\/uploads\/2023\/06\/Trachtpflanzen.pdf\" data-type=\"attachment\" data-id=\"82\" target=\"_blank\" rel=\"noreferrer noopener\">Trachtpflanzen<\/a><\/p>\n\n\n\n<p><a href=\"https:\/\/www.imkerverein-wadern.de\/wp-content\/uploads\/2023\/06\/Bienenweide-fuer-Balkon-und-Garten.pdf\" data-type=\"attachment\" data-id=\"81\" target=\"_blank\" rel=\"noreferrer noopener\">Bienenweide auf dem Balkon und Garten<\/a><\/p>\n\n\n\n<p><a href=\"https:\/\/www.imkerverein-wadern.de\/wp-content\/uploads\/2023\/06\/Bienenlexikon.pdf\" data-type=\"attachment\" data-id=\"80\" target=\"_blank\" rel=\"noreferrer noopener\">Bienenfreundliche Pflanzen f\u00fcr Balkon und Garten<\/a><\/p>\n\n\n\n<p><a href=\"https:\/\/www.imkerverein-wadern.de\/wp-content\/uploads\/2023\/06\/Wachsbroschuere_2017.pdf\" data-type=\"attachment\" data-id=\"79\" target=\"_blank\" rel=\"noreferrer noopener\">Wachsbrosch\u00fcre von 2017<\/a><\/p>\n\n\n\n<p><a href=\"https:\/\/www.imkerverein-wadern.de\/wp-content\/uploads\/2023\/06\/2018-11.22-Anmeldung_Ergaenzungsvers.pdf\" data-type=\"attachment\" data-id=\"78\" target=\"_blank\" rel=\"noreferrer noopener\">Antrag Zusatzversicherung<\/a><\/p>\n","protected":false},"excerpt":{"rendered":"<p>Dokumente f\u00fcr Vereinsmitglieder Protokoll der Mitgliederversammlung M\u00e4rz 2025 Satzung des Imkervereins Wadern (Juni 2024) Gesch\u00e4ftsordnung des Imkervereins Wadern Protokoll der Mitgliederversammlung M\u00e4rz 2024 Protokoll der au\u00dferordentlichen Mitgliederversammlung Juni 2024 Aus den Imkertreffen N\u00fctzliche Informationen f\u00fcr Imker:innen: Honigverordnung vom 30.06.2015 Anzeige einer Bienenhaltung nach \u00a71a Bienenseuchen (Meldung an den Amtstierarzt, Beantragung einer HIT-Nr.) Weiterf\u00fchrende Information zur &hellip; <\/p>\n<p class=\"link-more\"><a href=\"https:\/\/www.imkerverein-wadern.de\/?page_id=50\" class=\"more-link\"><span class=\"screen-reader-text\">\u201eDokumente f\u00fcr Mitglieder \/ Imker:innen\u201c <\/span>weiterlesen<\/a><\/p>\n","protected":false},"author":1,"featured_media":0,"parent":0,"menu_order":0,"comment_status":"closed","ping_status":"closed","template":"","meta":{"footnotes":""},"class_list":["post-50","page","type-page","status-publish","hentry"],"_links":{"self":[{"href":"https:\/\/www.imkerverein-wadern.de\/index.php?rest_route=\/wp\/v2\/pages\/50","targetHints":{"allow":["GET"]}}],"collection":[{"href":"https:\/\/www.imkerverein-wadern.de\/index.php?rest_route=\/wp\/v2\/pages"}],"about":[{"href":"https:\/\/www.imkerverein-wadern.de\/index.php?rest_route=\/wp\/v2\/types\/page"}],"author":[{"embeddable":true,"href":"https:\/\/www.imkerverein-wadern.de\/index.php?rest_route=\/wp\/v2\/users\/1"}],"replies":[{"embeddable":true,"href":"https:\/\/www.imkerverein-wadern.de\/index.php?rest_route=%2Fwp%2Fv2%2Fcomments&post=50"}],"version-history":[{"count":27,"href":"https:\/\/www.imkerverein-wadern.de\/index.php?rest_route=\/wp\/v2\/pages\/50\/revisions"}],"predecessor-version":[{"id":497,"href":"https:\/\/www.imkerverein-wadern.de\/index.php?rest_route=\/wp\/v2\/pages\/50\/revisions\/497"}],"wp:attachment":[{"href":"https:\/\/www.imkerverein-wadern.de\/index.php?rest_route=%2Fwp%2Fv2%2Fmedia&parent=50"}],"curies":[{"name":"wp","href":"https:\/\/api.w.org\/{rel}","templated":true}]}}