{"id":60,"date":"2023-06-25T18:31:20","date_gmt":"2023-06-25T18:31:20","guid":{"rendered":"https:\/\/neu.imkerverein-wadern.de\/?page_id=60"},"modified":"2025-02-01T08:04:37","modified_gmt":"2025-02-01T08:04:37","slug":"mitgliedsbeitrag","status":"publish","type":"page","link":"https:\/\/www.imkerverein-wadern.de\/?page_id=60","title":{"rendered":"Mitgliedsbeitrag"},"content":{"rendered":"\n<p>Der Imkerverein Wadern ist Mitglied im Deutschen Imkerbund e.V. (DIB). Daher setzt sich der Mitgliedsbeitrag des Imkervereins Wadern aus mehreren fixen und variablen Beitr\u00e4gen an verschiedene Imkerorganisationen und Versicherungen zusammen, welche <strong>j\u00e4hrlich<\/strong> vom Imkerverein Wadern in Rechnung gestellt werden. Der reine Mitgliedsbeitrag des Imkervereins Wadern betr\u00e4gt 22 EUR pro Jahr. Der Beitrag f\u00fcr ein F\u00f6rdermitglied betr\u00e4gt 7,50 EUR pro Jahr. Der Beitrag f\u00fcr Jugend-Mitglied betr\u00e4gt 11,00 EUR pro Jahr.<\/p>\n\n\n\n<p>Die fixen Kosten f\u00fcr aktive Imker setzen sich wie folgt zusammen:<\/p>\n\n\n\n<figure class=\"wp-block-table\"><table><tbody><tr><td>Beitrag DIB<\/td><td class=\"has-text-align-right\" data-align=\"right\">3,58 EUR<\/td><\/tr><tr><td>Beitrag Rechts- Sach- Unfallversicherung<\/td><td class=\"has-text-align-right\" data-align=\"right\">12,30 EUR<\/td><\/tr><tr><td>Beitrag Landesverband<\/td><td class=\"has-text-align-right\" data-align=\"right\">12,00 EUR<\/td><\/tr><tr><td>Beitrag Kreisverband Merzig-Wadern<\/td><td class=\"has-text-align-right\" data-align=\"right\">1,50 EUR<\/td><\/tr><tr><td>Beitrag Imkerverein Wadern<\/td><td class=\"has-text-align-right\" data-align=\"right\">22,00 EUR<\/td><\/tr><\/tbody><\/table><\/figure>\n\n\n\n<p>Die&nbsp;variablen Kosten setzen sich wie folgt zusammen:<\/p>\n\n\n\n<figure class=\"wp-block-table\"><table><tbody><tr><td>DIB Werbebeitrag je&nbsp;Volk&nbsp;<\/td><td class=\"has-text-align-right\" data-align=\"right\">&nbsp;&nbsp;&nbsp;0,26 EUR<\/td><\/tr><\/tbody><\/table><\/figure>\n\n\n\n<p>Hier ein Beispiel f\u00fcr ein Mitglied mit vier V\u00f6lker:<\/p>\n\n\n\n<figure class=\"wp-block-table has-small-font-size\"><table><tbody><tr><td>Beitrag DIB<\/td><td>1<\/td><td class=\"has-text-align-right\" data-align=\"right\">3,58 EUR<\/td><\/tr><tr><td>Beitrag Rechts- Sach- Unfallversicherung<\/td><td>1<\/td><td class=\"has-text-align-right\" data-align=\"right\">12,30 EUR<\/td><\/tr><tr><td>Beitrag Landesverband<\/td><td>1<\/td><td class=\"has-text-align-right\" data-align=\"right\">12,00 EUR<\/td><\/tr><tr><td>Beitrag Kreisverband Merzig-Wadern<\/td><td>1<\/td><td class=\"has-text-align-right\" data-align=\"right\">1,50 EUR<\/td><\/tr><tr><td>Beitrag Imkerverein Wadern<\/td><td>1<\/td><td class=\"has-text-align-right\" data-align=\"right\">22,00 EUR<\/td><\/tr><tr><td>Werbebeitrag DIB je Volk<\/td><td>4<\/td><td class=\"has-text-align-right\" data-align=\"right\">1,04 EUR<\/td><\/tr><tr><td>Jahresbeitrag gesamt<\/td><td><\/td><td class=\"has-text-align-right\" data-align=\"right\"><strong>52,42 EUR<\/strong><\/td><\/tr><\/tbody><\/table><\/figure>\n","protected":false},"excerpt":{"rendered":"<p>Der Imkerverein Wadern ist Mitglied im Deutschen Imkerbund e.V. (DIB). Daher setzt sich der Mitgliedsbeitrag des Imkervereins Wadern aus mehreren fixen und variablen Beitr\u00e4gen an verschiedene Imkerorganisationen und Versicherungen zusammen, welche j\u00e4hrlich vom Imkerverein Wadern in Rechnung gestellt werden. Der reine Mitgliedsbeitrag des Imkervereins Wadern betr\u00e4gt 22 EUR pro Jahr. Der Beitrag f\u00fcr ein F\u00f6rdermitglied &hellip; <\/p>\n<p class=\"link-more\"><a href=\"https:\/\/www.imkerverein-wadern.de\/?page_id=60\" class=\"more-link\"><span class=\"screen-reader-text\">\u201eMitgliedsbeitrag\u201c <\/span>weiterlesen<\/a><\/p>\n","protected":false},"author":1,"featured_media":0,"parent":0,"menu_order":0,"comment_status":"closed","ping_status":"closed","template":"","meta":{"footnotes":""},"class_list":["post-60","page","type-page","status-publish","hentry"],"_links":{"self":[{"href":"https:\/\/www.imkerverein-wadern.de\/index.php?rest_route=\/wp\/v2\/pages\/60","targetHints":{"allow":["GET"]}}],"collection":[{"href":"https:\/\/www.imkerverein-wadern.de\/index.php?rest_route=\/wp\/v2\/pages"}],"about":[{"href":"https:\/\/www.imkerverein-wadern.de\/index.php?rest_route=\/wp\/v2\/types\/page"}],"author":[{"embeddable":true,"href":"https:\/\/www.imkerverein-wadern.de\/index.php?rest_route=\/wp\/v2\/users\/1"}],"replies":[{"embeddable":true,"href":"https:\/\/www.imkerverein-wadern.de\/index.php?rest_route=%2Fwp%2Fv2%2Fcomments&post=60"}],"version-history":[{"count":5,"href":"https:\/\/www.imkerverein-wadern.de\/index.php?rest_route=\/wp\/v2\/pages\/60\/revisions"}],"predecessor-version":[{"id":391,"href":"https:\/\/www.imkerverein-wadern.de\/index.php?rest_route=\/wp\/v2\/pages\/60\/revisions\/391"}],"wp:attachment":[{"href":"https:\/\/www.imkerverein-wadern.de\/index.php?rest_route=%2Fwp%2Fv2%2Fmedia&parent=60"}],"curies":[{"name":"wp","href":"https:\/\/api.w.org\/{rel}","templated":true}]}}