{"id":62,"date":"2023-06-25T18:33:13","date_gmt":"2023-06-25T18:33:13","guid":{"rendered":"https:\/\/neu.imkerverein-wadern.de\/?page_id=62"},"modified":"2025-05-20T14:03:49","modified_gmt":"2025-05-20T14:03:49","slug":"was-bietet-der-verein-seinen-mitgliedern","status":"publish","type":"page","link":"https:\/\/www.imkerverein-wadern.de\/?page_id=62","title":{"rendered":"Was bietet der Verein seinen Mitgliedern?"},"content":{"rendered":"\n<p>Mit Beginn der Bienenhaltung sollten Sie Mitglied eines Imkervereins werden. Sie finden in der Gemeinschaft&nbsp;der ImkerInnen fachliche Information, Schulung und Erfahrungsaustausch.<\/p>\n\n\n\n<p>Als Mitglied in unserem Verein sind Sie ebenfalls Mitglied im saarl\u00e4ndischen Imkerverband. Somit sind Sie&nbsp;automatisch \u00fcber eine \u201eImker-Global-Versicherung\u201c gegen&nbsp;Diebstahl, Feuer, Haftpflicht-, Sturm-, Transport-,&nbsp;Hochwasser- und Vergiftungssch\u00e4den&nbsp;durch Pflanzenschutzmitteln abgesichert. Weiter besteht eine Unfall-und&nbsp;Rechtsschutzversicherung. Die Kosten hierf\u00fcr sind im Mitgliedbeitrag enthalten.<\/p>\n\n\n\n<p>Dar\u00fcber hinaus bietet der Verein seinen Mitgliedern das Expertenwissen seiner Gesundheits- und Honigfachwarte. \u00dcber die Gesundheitsfachwarte&nbsp;k\u00f6nnen auch kostenlos Gesundheitszeugnisse beantragt&nbsp;werden. Die Ausstellungskosten dieser Dokumente&nbsp;durch den Amtstierarzt, muss der&nbsp;jeweilige Imker jedoch selbst \u00fcbernehmen. Die Kosten hierf\u00fcr liegen momentan&nbsp;bei&nbsp;10 EUR.<\/p>\n\n\n\n<p>Weiter stellt der Verein seinen Mitgliedern kostenlos einen Wachsschmelzer f\u00fcr den eigenen Wachskreislauf&nbsp;und eine Mittelwandgie\u00dfform zur Verf\u00fcgung. Auch kann eine 4-Waben-Handschleuder f\u00fcr die Honigernte ausgeliehen werden. Und zum ordnungsgem\u00e4\u00dfen Abf\u00fcllen eine geeichte Waage.<\/p>\n\n\n\n<p>Vereinsmitglieder k\u00f6nnen sich solche Ger\u00e4te kostenlos ausleihen. Wendet euch daf\u00fcr an die Materialwartin, Helene K\u00f6gel (<a href=\"mailto:helene.koegel62@gmail.com\">helene.koegel62@gmail.com<\/a>)<\/p>\n\n\n\n<p><\/p>\n","protected":false},"excerpt":{"rendered":"<p>Mit Beginn der Bienenhaltung sollten Sie Mitglied eines Imkervereins werden. Sie finden in der Gemeinschaft&nbsp;der ImkerInnen fachliche Information, Schulung und Erfahrungsaustausch. Als Mitglied in unserem Verein sind Sie ebenfalls Mitglied im saarl\u00e4ndischen Imkerverband. Somit sind Sie&nbsp;automatisch \u00fcber eine \u201eImker-Global-Versicherung\u201c gegen&nbsp;Diebstahl, Feuer, Haftpflicht-, Sturm-, Transport-,&nbsp;Hochwasser- und Vergiftungssch\u00e4den&nbsp;durch Pflanzenschutzmitteln abgesichert. Weiter besteht eine Unfall-und&nbsp;Rechtsschutzversicherung. Die Kosten hierf\u00fcr &hellip; <\/p>\n<p class=\"link-more\"><a href=\"https:\/\/www.imkerverein-wadern.de\/?page_id=62\" class=\"more-link\"><span class=\"screen-reader-text\">\u201eWas bietet der Verein seinen Mitgliedern?\u201c <\/span>weiterlesen<\/a><\/p>\n","protected":false},"author":1,"featured_media":0,"parent":0,"menu_order":0,"comment_status":"closed","ping_status":"closed","template":"","meta":{"footnotes":""},"class_list":["post-62","page","type-page","status-publish","hentry"],"_links":{"self":[{"href":"https:\/\/www.imkerverein-wadern.de\/index.php?rest_route=\/wp\/v2\/pages\/62","targetHints":{"allow":["GET"]}}],"collection":[{"href":"https:\/\/www.imkerverein-wadern.de\/index.php?rest_route=\/wp\/v2\/pages"}],"about":[{"href":"https:\/\/www.imkerverein-wadern.de\/index.php?rest_route=\/wp\/v2\/types\/page"}],"author":[{"embeddable":true,"href":"https:\/\/www.imkerverein-wadern.de\/index.php?rest_route=\/wp\/v2\/users\/1"}],"replies":[{"embeddable":true,"href":"https:\/\/www.imkerverein-wadern.de\/index.php?rest_route=%2Fwp%2Fv2%2Fcomments&post=62"}],"version-history":[{"count":5,"href":"https:\/\/www.imkerverein-wadern.de\/index.php?rest_route=\/wp\/v2\/pages\/62\/revisions"}],"predecessor-version":[{"id":433,"href":"https:\/\/www.imkerverein-wadern.de\/index.php?rest_route=\/wp\/v2\/pages\/62\/revisions\/433"}],"wp:attachment":[{"href":"https:\/\/www.imkerverein-wadern.de\/index.php?rest_route=%2Fwp%2Fv2%2Fmedia&parent=62"}],"curies":[{"name":"wp","href":"https:\/\/api.w.org\/{rel}","templated":true}]}}